{"id":617,"date":"2025-12-09T10:04:59","date_gmt":"2025-12-09T10:04:59","guid":{"rendered":"https:\/\/boostdigi.be\/home\/"},"modified":"2025-12-09T10:28:20","modified_gmt":"2025-12-09T10:28:20","slug":"home","status":"publish","type":"page","link":"https:\/\/boostdigi.be\/nl\/","title":{"rendered":"Home"},"content":{"rendered":"\t\t<div data-elementor-type=\"wp-page\" data-elementor-id=\"617\" class=\"elementor elementor-617 elementor-598\">\n\t\t\t\t<div class=\"elementor-element elementor-element-h9mdbjno twbb_section twbb_hero_6 twbb_full_h e-flex e-con-boxed e-con e-parent\" data-id=\"h9mdbjno\" data-element_type=\"container\" id=\"enhance-your-online-presence\" data-settings=\"{&quot;background_background&quot;:&quot;classic&quot;,&quot;background_motion_fx_motion_fx_scrolling&quot;:&quot;yes&quot;,&quot;background_motion_fx_scale_effect&quot;:&quot;yes&quot;,&quot;background_motion_fx_scale_speed&quot;:{&quot;unit&quot;:&quot;px&quot;,&quot;size&quot;:7,&quot;sizes&quot;:[]},&quot;background_motion_fx_scale_direction&quot;:&quot;out-in&quot;,&quot;background_motion_fx_scale_range&quot;:{&quot;unit&quot;:&quot;%&quot;,&quot;size&quot;:&quot;&quot;,&quot;sizes&quot;:{&quot;start&quot;:20,&quot;end&quot;:80}},&quot;background_motion_fx_devices&quot;:[&quot;desktop&quot;,&quot;tablet&quot;,&quot;mobile&quot;]}\">\n\t\t\t\t\t<div class=\"e-con-inner\">\n\t\t<div class=\"elementor-element elementor-element-d0a1fce e-con-full e-flex e-con e-child\" data-id=\"d0a1fce\" data-element_type=\"container\">\n\t\t\t\t<div class=\"elementor-element elementor-element-de9afb7 elementor-widget__width-initial elementor-widget-mobile__width-inherit elementor-widget-tablet__width-initial twbb-headline--style-highlight elementor-widget elementor-widget-twbbanimated-headline\" data-id=\"de9afb7\" data-element_type=\"widget\" data-settings=\"{&quot;highlighted_text&quot;:&quot;Dominez&quot;,&quot;marker&quot;:&quot;underline_zigzag&quot;,&quot;headline_style&quot;:&quot;highlight&quot;}\" data-widget_type=\"twbbanimated-headline.default\">\n\t\t\t\t<div class=\"elementor-widget-container\">\n\t\t\t\t\t    <h1 class=\"twbb-headline\">\n        <span class=\"twbb-headline-dynamic-wrapper twbb-headline-text-wrapper\"><\/span>\n          <span class=\"twbb-headline-plain-text twbb-headline-text-wrapper\"> votre <em>monde<\/em> digital<\/span>\n        <\/h1>\n    \t\t\t\t<\/div>\n\t\t\t\t<\/div>\n\t\t\t\t<div class=\"elementor-element elementor-element-9d325c4 elementor-widget__width-initial elementor-widget-mobile__width-inherit elementor-widget-tablet__width-initial elementor-invisible elementor-widget elementor-widget-text-editor\" data-id=\"9d325c4\" data-element_type=\"widget\" data-settings=\"{&quot;_animation&quot;:&quot;fadeInUp&quot;}\" data-widget_type=\"text-editor.default\">\n\t\t\t\t\t\t\t\t\t<p>Creatieve en meetbare strategie\u00ebn om uw online zichtbaarheid te vergroten. Wij helpen u uw doelen te bereiken.<\/p>\t\t\t\t\t\t\t\t<\/div>\n\t\t\t\t<\/div>\n\t\t\t\t\t<\/div>\n\t\t\t\t<\/div>\n\t\t<div class=\"elementor-element elementor-element-3fs8crf4 twbb_section e-flex e-con-boxed e-con e-parent\" data-id=\"3fs8crf4\" data-element_type=\"container\" id=\"our-digital-marketing-services\" data-settings=\"{&quot;background_background&quot;:&quot;classic&quot;}\">\n\t\t\t\t\t<div class=\"e-con-inner\">\n\t\t<div class=\"elementor-element elementor-element-d9b7b82 e-con-full e-flex e-con e-child\" data-id=\"d9b7b82\" data-element_type=\"container\">\n\t\t\t\t<div class=\"elementor-element elementor-element-a3b5d98 elementor-widget elementor-widget-heading\" data-id=\"a3b5d98\" data-element_type=\"widget\" data-widget_type=\"heading.default\">\n\t\t\t\t\t<h2 class=\"elementor-heading-title elementor-size-default\">De kracht van digitaal, in \u00e9\u00e9n oogopslag<\/h2>\t\t\t\t<\/div>\n\t\t\t\t<\/div>\n\t\t\t\t\t<\/div>\n\t\t\t\t<\/div>\n\t\t<div class=\"elementor-element elementor-element-kdygye0z twbb_section e-flex e-con-boxed e-con e-parent\" data-id=\"kdygye0z\" data-element_type=\"container\" id=\"what-our-clients-say\" data-settings=\"{&quot;background_background&quot;:&quot;classic&quot;}\">\n\t\t\t\t\t<div class=\"e-con-inner\">\n\t\t<div class=\"elementor-element elementor-element-a3z5sbb5 e-con-full e-flex e-con e-child\" data-id=\"a3z5sbb5\" data-element_type=\"container\">\n\t\t<div class=\"elementor-element elementor-element-c675c27 e-grid e-con-full e-con e-child\" data-id=\"c675c27\" data-element_type=\"container\" data-settings=\"{&quot;background_background&quot;:&quot;classic&quot;}\">\n\t\t\t\t<div class=\"elementor-element elementor-element-eba5e71 elementor-widget elementor-widget-image\" data-id=\"eba5e71\" data-element_type=\"widget\" data-widget_type=\"image.default\">\n\t\t\t\t\t\t\t\t\t\t\t\t\t\t\t<img fetchpriority=\"high\" decoding=\"async\" width=\"1240\" height=\"826\" src=\"https:\/\/boostdigi.be\/wp-content\/uploads\/2025\/09\/fabianct__Une_photo_realiste_en_haute_resolution_montrant_une_p_f6bc0a33-512a-49fb-acc7-e5d9e11a07c1.webp\" class=\"attachment-full size-full wp-image-619\" alt=\"\" srcset=\"https:\/\/boostdigi.be\/wp-content\/uploads\/2025\/09\/fabianct__Une_photo_realiste_en_haute_resolution_montrant_une_p_f6bc0a33-512a-49fb-acc7-e5d9e11a07c1.webp 1240w, https:\/\/boostdigi.be\/wp-content\/uploads\/2025\/09\/fabianct__Une_photo_realiste_en_haute_resolution_montrant_une_p_f6bc0a33-512a-49fb-acc7-e5d9e11a07c1-300x200.webp 300w, https:\/\/boostdigi.be\/wp-content\/uploads\/2025\/09\/fabianct__Une_photo_realiste_en_haute_resolution_montrant_une_p_f6bc0a33-512a-49fb-acc7-e5d9e11a07c1-1024x682.webp 1024w, https:\/\/boostdigi.be\/wp-content\/uploads\/2025\/09\/fabianct__Une_photo_realiste_en_haute_resolution_montrant_une_p_f6bc0a33-512a-49fb-acc7-e5d9e11a07c1-768x512.webp 768w, https:\/\/boostdigi.be\/wp-content\/uploads\/2025\/09\/fabianct__Une_photo_realiste_en_haute_resolution_montrant_une_p_f6bc0a33-512a-49fb-acc7-e5d9e11a07c1-600x400.webp 600w\" sizes=\"(max-width: 1240px) 100vw, 1240px\" \/>\t\t\t\t\t\t\t\t\t\t\t\t\t\t\t<\/div>\n\t\t\t\t<div class=\"elementor-element elementor-element-555dccf elementor-widget elementor-widget-image\" data-id=\"555dccf\" data-element_type=\"widget\" data-widget_type=\"image.default\">\n\t\t\t\t\t\t\t\t\t\t\t\t\t\t\t<img decoding=\"async\" width=\"1240\" height=\"826\" src=\"https:\/\/boostdigi.be\/wp-content\/uploads\/2025\/09\/fabianct__Une_photo_realiste_en_haute_resolution_montrant_un_gr_aca412cc-e5eb-430d-9993-fde33244297e.webp\" class=\"attachment-full size-full wp-image-620\" alt=\"\" srcset=\"https:\/\/boostdigi.be\/wp-content\/uploads\/2025\/09\/fabianct__Une_photo_realiste_en_haute_resolution_montrant_un_gr_aca412cc-e5eb-430d-9993-fde33244297e.webp 1240w, https:\/\/boostdigi.be\/wp-content\/uploads\/2025\/09\/fabianct__Une_photo_realiste_en_haute_resolution_montrant_un_gr_aca412cc-e5eb-430d-9993-fde33244297e-300x200.webp 300w, https:\/\/boostdigi.be\/wp-content\/uploads\/2025\/09\/fabianct__Une_photo_realiste_en_haute_resolution_montrant_un_gr_aca412cc-e5eb-430d-9993-fde33244297e-1024x682.webp 1024w, https:\/\/boostdigi.be\/wp-content\/uploads\/2025\/09\/fabianct__Une_photo_realiste_en_haute_resolution_montrant_un_gr_aca412cc-e5eb-430d-9993-fde33244297e-768x512.webp 768w, https:\/\/boostdigi.be\/wp-content\/uploads\/2025\/09\/fabianct__Une_photo_realiste_en_haute_resolution_montrant_un_gr_aca412cc-e5eb-430d-9993-fde33244297e-600x400.webp 600w\" sizes=\"(max-width: 1240px) 100vw, 1240px\" \/>\t\t\t\t\t\t\t\t\t\t\t\t\t\t\t<\/div>\n\t\t\t\t<div class=\"elementor-element elementor-element-8128a87 elementor-widget elementor-widget-image\" data-id=\"8128a87\" data-element_type=\"widget\" data-widget_type=\"image.default\">\n\t\t\t\t\t\t\t\t\t\t\t\t\t\t\t<img decoding=\"async\" width=\"1240\" height=\"826\" src=\"https:\/\/boostdigi.be\/wp-content\/uploads\/2025\/09\/fabianct__Photo_realiste_en_haute_resolution_dun_jeune_professi_4cf0b6ed-8280-45e6-af6b-903fcfd0143e-1.webp\" class=\"attachment-full size-full wp-image-621\" alt=\"\" srcset=\"https:\/\/boostdigi.be\/wp-content\/uploads\/2025\/09\/fabianct__Photo_realiste_en_haute_resolution_dun_jeune_professi_4cf0b6ed-8280-45e6-af6b-903fcfd0143e-1.webp 1240w, https:\/\/boostdigi.be\/wp-content\/uploads\/2025\/09\/fabianct__Photo_realiste_en_haute_resolution_dun_jeune_professi_4cf0b6ed-8280-45e6-af6b-903fcfd0143e-1-300x200.webp 300w, https:\/\/boostdigi.be\/wp-content\/uploads\/2025\/09\/fabianct__Photo_realiste_en_haute_resolution_dun_jeune_professi_4cf0b6ed-8280-45e6-af6b-903fcfd0143e-1-1024x682.webp 1024w, https:\/\/boostdigi.be\/wp-content\/uploads\/2025\/09\/fabianct__Photo_realiste_en_haute_resolution_dun_jeune_professi_4cf0b6ed-8280-45e6-af6b-903fcfd0143e-1-768x512.webp 768w, https:\/\/boostdigi.be\/wp-content\/uploads\/2025\/09\/fabianct__Photo_realiste_en_haute_resolution_dun_jeune_professi_4cf0b6ed-8280-45e6-af6b-903fcfd0143e-1-600x400.webp 600w\" sizes=\"(max-width: 1240px) 100vw, 1240px\" \/>\t\t\t\t\t\t\t\t\t\t\t\t\t\t\t<\/div>\n\t\t\t\t<\/div>\n\t\t\t\t<\/div>\n\t\t\t\t\t<\/div>\n\t\t\t\t<\/div>\n\t\t<div class=\"elementor-element elementor-element-agxmz5dz twbb_section e-flex e-con-boxed e-con e-parent\" data-id=\"agxmz5dz\" data-element_type=\"container\" id=\"ready-to-grow-your-business\" data-settings=\"{&quot;background_background&quot;:&quot;classic&quot;}\">\n\t\t\t\t\t<div class=\"e-con-inner\">\n\t\t<div class=\"elementor-element elementor-element-55c3edc e-con-full e-flex e-con e-child\" data-id=\"55c3edc\" data-element_type=\"container\" data-settings=\"{&quot;background_background&quot;:&quot;classic&quot;}\">\n\t\t\t\t<div class=\"elementor-element elementor-element-4e720db elementor-widget elementor-widget-heading\" data-id=\"4e720db\" data-element_type=\"widget\" data-widget_type=\"heading.default\">\n\t\t\t\t\t<h2 class=\"elementor-heading-title elementor-size-default\">Online aanwezigheid<\/h2>\t\t\t\t<\/div>\n\t\t\t\t<div class=\"elementor-element elementor-element-eceff9e twbb_slider_options_changed-yes elementor-grid-2 elementor-grid-tablet-2 elementor-grid-mobile-1 elementor-posts--thumbnail-top elementor-posts--thumbnail-tablet-top elementor-posts--thumbnail-mobile-top twbb-post__badge-onimage_no twbb-posts-image-animation_zoom-in twbb-posts-image-animation-duration-fast twbb-posts--fullHeight_no twbb-post__badge-align-left elementor-widget elementor-widget-tenweb-posts\" data-id=\"eceff9e\" data-element_type=\"widget\" data-settings=\"{&quot;classic_columns&quot;:&quot;2&quot;,&quot;classic_slides_view&quot;:&quot;no&quot;,&quot;classic_columns_tablet&quot;:&quot;2&quot;,&quot;classic_columns_mobile&quot;:&quot;1&quot;,&quot;classic_thumbnail&quot;:&quot;top&quot;,&quot;classic_thumbnail_tablet&quot;:&quot;top&quot;,&quot;classic_thumbnail_mobile&quot;:&quot;top&quot;,&quot;classic_column_gap&quot;:{&quot;unit&quot;:&quot;px&quot;,&quot;size&quot;:30,&quot;sizes&quot;:[]},&quot;classic_column_gap_tablet&quot;:{&quot;unit&quot;:&quot;px&quot;,&quot;size&quot;:&quot;&quot;,&quot;sizes&quot;:[]},&quot;classic_column_gap_mobile&quot;:{&quot;unit&quot;:&quot;px&quot;,&quot;size&quot;:&quot;&quot;,&quot;sizes&quot;:[]},&quot;classic_row_gap&quot;:{&quot;unit&quot;:&quot;px&quot;,&quot;size&quot;:35,&quot;sizes&quot;:[]},&quot;classic_row_gap_tablet&quot;:{&quot;unit&quot;:&quot;px&quot;,&quot;size&quot;:&quot;&quot;,&quot;sizes&quot;:[]},&quot;classic_row_gap_mobile&quot;:{&quot;unit&quot;:&quot;px&quot;,&quot;size&quot;:&quot;&quot;,&quot;sizes&quot;:[]}}\" data-widget_type=\"tenweb-posts.classic\">\n\t\t\t\t<div class=\"elementor-widget-container\">\n\t\t\t\t\t<div class=\"elementor-posts-not-found\">\n        <div class=\"twbb_no_content_text twbb_no_content-title\">No Blog Posts Found<\/div>\n        <div class=\"twbb_no_content_text twbb_no_content-desc\">There are currently no blog posts to display.<\/div>\n        <\/div>\t\t\t\t<\/div>\n\t\t\t\t<\/div>\n\t\t\t\t<\/div>\n\t\t\t\t\t<\/div>\n\t\t\t\t<\/div>\n\t\t\t\t<\/div>\n\t\t","protected":false},"excerpt":{"rendered":"<p>votre monde digital Creatieve en meetbare strategie\u00ebn om uw online zichtbaarheid te vergroten. Wij helpen u uw doelen te bereiken. De kracht van digitaal, in \u00e9\u00e9n oogopslag Online aanwezigheid<\/p>\n","protected":false},"author":2,"featured_media":0,"parent":0,"menu_order":0,"comment_status":"closed","ping_status":"closed","template":"","meta":{"two_page_speed":[],"footnotes":""},"class_list":["post-617","page","type-page","status-publish","hentry"],"_links":{"self":[{"href":"https:\/\/boostdigi.be\/nl\/wp-json\/wp\/v2\/pages\/617","targetHints":{"allow":["GET"]}}],"collection":[{"href":"https:\/\/boostdigi.be\/nl\/wp-json\/wp\/v2\/pages"}],"about":[{"href":"https:\/\/boostdigi.be\/nl\/wp-json\/wp\/v2\/types\/page"}],"author":[{"embeddable":true,"href":"https:\/\/boostdigi.be\/nl\/wp-json\/wp\/v2\/users\/2"}],"replies":[{"embeddable":true,"href":"https:\/\/boostdigi.be\/nl\/wp-json\/wp\/v2\/comments?post=617"}],"version-history":[{"count":0,"href":"https:\/\/boostdigi.be\/nl\/wp-json\/wp\/v2\/pages\/617\/revisions"}],"wp:attachment":[{"href":"https:\/\/boostdigi.be\/nl\/wp-json\/wp\/v2\/media?parent=617"}],"curies":[{"name":"wp","href":"https:\/\/api.w.org\/{rel}","templated":true}]}}